{"id":474,"date":"2018-06-06T22:43:34","date_gmt":"2018-06-06T19:43:34","guid":{"rendered":"http:\/\/www.baranbaharat.com\/?page_id=474"},"modified":"2018-06-06T22:45:18","modified_gmt":"2018-06-06T19:45:18","slug":"basin-odasi","status":"publish","type":"page","link":"https:\/\/www.baranbaharat.com\/index.php\/basin-odasi\/","title":{"rendered":"Bas\u0131n Odas\u0131"},"content":{"rendered":"<h5 class=\"title style-scope ytd-video-primary-info-renderer\" style=\"text-align: center;\">BARAN BAHARAT ( TV8 \u0130NT &#8221; 1 BA\u015eARI H\u0130KAYES\u0130 &#8221; )<\/h5>\n<p style=\"text-align: center;\"><iframe loading=\"lazy\" src=\"https:\/\/www.youtube.com\/embed\/ZURPMX1xvZo\" width=\"768\" height=\"432\" frameborder=\"0\" allowfullscreen=\"allowfullscreen\"><span data-mce-type=\"bookmark\" style=\"display: inline-block; width: 0px; overflow: hidden; line-height: 0;\" class=\"mce_SELRES_start\">\ufeff<\/span><\/iframe><\/p>\n<p>&nbsp;<\/p>\n","protected":false},"excerpt":{"rendered":"<p>BARAN BAHARAT ( TV8 \u0130NT &#8221; 1 BA\u015eARI H\u0130KAYES\u0130 &#8221; ) \ufeff &nbsp;<\/p>\n","protected":false},"author":1,"featured_media":0,"parent":0,"menu_order":0,"comment_status":"closed","ping_status":"closed","template":"","meta":{"footnotes":""},"class_list":["post-474","page","type-page","status-publish","hentry"],"_links":{"self":[{"href":"https:\/\/www.baranbaharat.com\/index.php\/wp-json\/wp\/v2\/pages\/474","targetHints":{"allow":["GET"]}}],"collection":[{"href":"https:\/\/www.baranbaharat.com\/index.php\/wp-json\/wp\/v2\/pages"}],"about":[{"href":"https:\/\/www.baranbaharat.com\/index.php\/wp-json\/wp\/v2\/types\/page"}],"author":[{"embeddable":true,"href":"https:\/\/www.baranbaharat.com\/index.php\/wp-json\/wp\/v2\/users\/1"}],"replies":[{"embeddable":true,"href":"https:\/\/www.baranbaharat.com\/index.php\/wp-json\/wp\/v2\/comments?post=474"}],"version-history":[{"count":3,"href":"https:\/\/www.baranbaharat.com\/index.php\/wp-json\/wp\/v2\/pages\/474\/revisions"}],"predecessor-version":[{"id":483,"href":"https:\/\/www.baranbaharat.com\/index.php\/wp-json\/wp\/v2\/pages\/474\/revisions\/483"}],"wp:attachment":[{"href":"https:\/\/www.baranbaharat.com\/index.php\/wp-json\/wp\/v2\/media?parent=474"}],"curies":[{"name":"wp","href":"https:\/\/api.w.org\/{rel}","templated":true}]}}