{"id":9,"date":"2017-02-01T22:21:54","date_gmt":"2017-02-01T20:21:54","guid":{"rendered":"http:\/\/www.baranbaharat.com\/?page_id=9"},"modified":"2023-05-24T15:40:17","modified_gmt":"2023-05-24T12:40:17","slug":"bize-ulasin","status":"publish","type":"page","link":"https:\/\/www.baranbaharat.com\/index.php\/hakkimizda\/bize-ulasin\/","title":{"rendered":"Bize ula\u015f\u0131n"},"content":{"rendered":"<div id=\"pl-9\"  class=\"panel-layout\" ><div id=\"pg-9-0\"  class=\"panel-grid panel-no-style\" ><div id=\"pgc-9-0-0\"  class=\"panel-grid-cell\" ><div id=\"panel-9-0-0-0\" class=\"so-panel widget widget_text panel-first-child panel-last-child\" data-index=\"0\" ><div class=\"panel-widget-style panel-widget-style-for-9-0-0-0\" ><h3 class=\"widget-title\">Adres<\/h3>\t\t\t<div class=\"textwidget\"><p>\u00d6rmeg\u00f6ze k\u00f6y\u00fc Organize Sanayi B\u00f6lgesi Mevkii 7.Cadde Blok No:5\u00a0 Batman<\/p>\n<p>Tel : 0 488 212 00 25<br \/>\nGsm : 0 537 280 89 44<br \/>\nGsm : 0 537 677 98 52<\/p>\n<\/div>\n\t\t<\/div><\/div><\/div><\/div><div id=\"pg-9-1\"  class=\"panel-grid panel-no-style\" ><div id=\"pgc-9-1-0\"  class=\"panel-grid-cell\" ><div id=\"panel-9-1-0-0\" class=\"so-panel widget widget_text panel-first-child\" data-index=\"1\" ><div class=\"panel-widget-style panel-widget-style-for-9-1-0-0\" ><h3 class=\"widget-title\">Haritaya ula\u015fmak i\u00e7in t\u0131klay\u0131n\u0131z.<\/h3>\t\t\t<div class=\"textwidget\"><a href=\"https:\/\/goo.gl\/maps\/oRtgkJWZZ5NLiTpH9\" Alt=\"Harita\" Target=\"_blank\">https:\/\/goo.gl\/maps\/oRtgkJWZZ5NLiTpH9<\/a><\/div>\n\t\t<\/div><\/div><div id=\"panel-9-1-0-1\" class=\"so-panel widget widget_text\" data-index=\"2\" ><div class=\"panel-widget-style panel-widget-style-for-9-1-0-1\" ><h3 class=\"widget-title\">Harita<\/h3>\t\t\t<div class=\"textwidget\"><iframe src=\"https:\/\/www.google.com\/maps\/embed?pb=!1m17!1m12!1m3!1d3148.3211475404955!2d41.23525!3d37.8995556!2m3!1f0!2f0!3f0!3m2!1i1024!2i768!4f13.1!3m2!1m1!2zMzfCsDUzJzU4LjQiTiA0McKwMTQnMDYuOSJF!5e0!3m2!1str!2str!4v1683727953099!5m2!1str!2str\" width=\"100%\" style=\"border:0;\" allowfullscreen=\"\" loading=\"lazy\" referrerpolicy=\"no-referrer-when-downgrade\"><\/iframe><\/div>\n\t\t<\/div><\/div><div id=\"panel-9-1-0-2\" class=\"so-panel widget widget_sow-google-map panel-last-child\" data-index=\"3\" ><div\n\t\t\t\n\t\t\tclass=\"so-widget-sow-google-map so-widget-sow-google-map-default-6b23895f316e-9\"\n\t\t\t\n\t\t>\n<div class=\"sow-google-map-canvas\"\n\tstyle=\"\"\n\tid=\"map-canvas-c1e881049743fd1ae5b2d3f81cbbe9d5\"\n\tdata-options=\"{&quot;address&quot;:&quot;37.899556, 41.235250&quot;,&quot;zoom&quot;:15,&quot;mobileZoom&quot;:15,&quot;gestureHandling&quot;:&quot;greedy&quot;,&quot;disableUi&quot;:false,&quot;markerIcon&quot;:&quot;https:\\\/\\\/www.baranbaharat.com\\\/wp-content\\\/uploads\\\/2017\\\/02\\\/banner-1-150x100.png&quot;,&quot;markersDraggable&quot;:true,&quot;markerAtCenter&quot;:true,&quot;markerInfoDisplay&quot;:&quot;click&quot;,&quot;markerInfoMultiple&quot;:true,&quot;markerPositions&quot;:false,&quot;mapName&quot;:false,&quot;mapStyles&quot;:false,&quot;directions&quot;:&quot;&quot;,&quot;apiKey&quot;:&quot;AIzaSyDmRP7zGatnHgIaUgPZZko4Q9zdqh0MHCU&quot;,&quot;breakpoint&quot;:780,&quot;id&quot;:&quot;69e137&quot;}\"\n\tdata-fallback-image=\"{&quot;img&quot;:&quot;&quot;}\"><\/div>\n<\/div><\/div><\/div><\/div><\/div>","protected":false},"excerpt":{"rendered":"<p>\u00d6rmeg\u00f6ze k\u00f6y\u00fc Organize Sanayi B\u00f6lgesi Mevkii 7.Cadde Blok No:5\u00a0 Batman Tel : 0 488 212 00 25 Gsm : 0 537 280 89 44 Gsm : 0 537 677 98 52 https:\/\/goo.gl\/maps\/oRtgkJWZZ5NLiTpH9<\/p>\n","protected":false},"author":1,"featured_media":0,"parent":8,"menu_order":4,"comment_status":"closed","ping_status":"closed","template":"","meta":{"footnotes":""},"class_list":["post-9","page","type-page","status-publish","hentry"],"_links":{"self":[{"href":"https:\/\/www.baranbaharat.com\/index.php\/wp-json\/wp\/v2\/pages\/9","targetHints":{"allow":["GET"]}}],"collection":[{"href":"https:\/\/www.baranbaharat.com\/index.php\/wp-json\/wp\/v2\/pages"}],"about":[{"href":"https:\/\/www.baranbaharat.com\/index.php\/wp-json\/wp\/v2\/types\/page"}],"author":[{"embeddable":true,"href":"https:\/\/www.baranbaharat.com\/index.php\/wp-json\/wp\/v2\/users\/1"}],"replies":[{"embeddable":true,"href":"https:\/\/www.baranbaharat.com\/index.php\/wp-json\/wp\/v2\/comments?post=9"}],"version-history":[{"count":25,"href":"https:\/\/www.baranbaharat.com\/index.php\/wp-json\/wp\/v2\/pages\/9\/revisions"}],"predecessor-version":[{"id":857,"href":"https:\/\/www.baranbaharat.com\/index.php\/wp-json\/wp\/v2\/pages\/9\/revisions\/857"}],"up":[{"embeddable":true,"href":"https:\/\/www.baranbaharat.com\/index.php\/wp-json\/wp\/v2\/pages\/8"}],"wp:attachment":[{"href":"https:\/\/www.baranbaharat.com\/index.php\/wp-json\/wp\/v2\/media?parent=9"}],"curies":[{"name":"wp","href":"https:\/\/api.w.org\/{rel}","templated":true}]}}