{"id":756,"date":"2020-03-13T21:44:48","date_gmt":"2020-03-13T18:44:48","guid":{"rendered":"http:\/\/www.baranbaharat.com\/?post_type=product&#038;p=756"},"modified":"2020-03-13T21:44:48","modified_gmt":"2020-03-13T18:44:48","slug":"dolmalik-fistik-pinenuts","status":"publish","type":"product","link":"https:\/\/www.baranbaharat.com\/index.php\/urun\/dolmalik-fistik-pinenuts\/","title":{"rendered":"Dolmal\u0131k F\u0131st\u0131k \/ Pinenuts"},"content":{"rendered":"","protected":false},"excerpt":{"rendered":"","protected":false},"featured_media":755,"comment_status":"open","ping_status":"closed","template":"","meta":[],"class_list":{"0":"post-756","1":"product","2":"type-product","3":"status-publish","4":"has-post-thumbnail","6":"product_cat-aktarbey","8":"first","9":"instock","10":"shipping-taxable","11":"product-type-simple"},"_links":{"self":[{"href":"https:\/\/www.baranbaharat.com\/index.php\/wp-json\/wp\/v2\/product\/756","targetHints":{"allow":["GET"]}}],"collection":[{"href":"https:\/\/www.baranbaharat.com\/index.php\/wp-json\/wp\/v2\/product"}],"about":[{"href":"https:\/\/www.baranbaharat.com\/index.php\/wp-json\/wp\/v2\/types\/product"}],"replies":[{"embeddable":true,"href":"https:\/\/www.baranbaharat.com\/index.php\/wp-json\/wp\/v2\/comments?post=756"}],"wp:featuredmedia":[{"embeddable":true,"href":"https:\/\/www.baranbaharat.com\/index.php\/wp-json\/wp\/v2\/media\/755"}],"wp:attachment":[{"href":"https:\/\/www.baranbaharat.com\/index.php\/wp-json\/wp\/v2\/media?parent=756"}],"curies":[{"name":"wp","href":"https:\/\/api.w.org\/{rel}","templated":true}]}}