{"id":764,"date":"2020-03-16T21:55:45","date_gmt":"2020-03-16T18:55:45","guid":{"rendered":"http:\/\/www.baranbaharat.com\/?post_type=product&#038;p=764"},"modified":"2020-03-16T21:55:45","modified_gmt":"2020-03-16T18:55:45","slug":"cigkofte-baharati-cigkofte-spice","status":"publish","type":"product","link":"https:\/\/www.baranbaharat.com\/index.php\/urun\/cigkofte-baharati-cigkofte-spice\/","title":{"rendered":"\u00c7i\u011fk\u00f6fte Baharat\u0131 \/ Cigkofte spice"},"content":{"rendered":"<p>\u00c7i\u011fk\u00f6fte Baharat\u0131 \/ Cigkofte spice<\/p>\n","protected":false},"excerpt":{"rendered":"<p>\u00c7i\u011fk\u00f6fte Baharat\u0131 \/ Cigkofte spice<\/p>\n","protected":false},"featured_media":752,"comment_status":"open","ping_status":"closed","template":"","meta":[],"class_list":{"0":"post-764","1":"product","2":"type-product","3":"status-publish","4":"has-post-thumbnail","6":"product_cat-aktarbey","7":"product_tag-aktarbey","8":"product_tag-baran-baharat","9":"product_tag-batman-baharat","10":"product_tag-cigkofte-baharati-cigkofte-spice","12":"first","13":"instock","14":"shipping-taxable","15":"product-type-simple"},"_links":{"self":[{"href":"https:\/\/www.baranbaharat.com\/index.php\/wp-json\/wp\/v2\/product\/764","targetHints":{"allow":["GET"]}}],"collection":[{"href":"https:\/\/www.baranbaharat.com\/index.php\/wp-json\/wp\/v2\/product"}],"about":[{"href":"https:\/\/www.baranbaharat.com\/index.php\/wp-json\/wp\/v2\/types\/product"}],"replies":[{"embeddable":true,"href":"https:\/\/www.baranbaharat.com\/index.php\/wp-json\/wp\/v2\/comments?post=764"}],"wp:featuredmedia":[{"embeddable":true,"href":"https:\/\/www.baranbaharat.com\/index.php\/wp-json\/wp\/v2\/media\/752"}],"wp:attachment":[{"href":"https:\/\/www.baranbaharat.com\/index.php\/wp-json\/wp\/v2\/media?parent=764"}],"curies":[{"name":"wp","href":"https:\/\/api.w.org\/{rel}","templated":true}]}}