{"id":766,"date":"2020-03-16T21:59:27","date_gmt":"2020-03-16T18:59:27","guid":{"rendered":"http:\/\/www.baranbaharat.com\/?post_type=product&#038;p=766"},"modified":"2020-03-16T21:59:28","modified_gmt":"2020-03-16T18:59:28","slug":"bugday-nisastasi-wheat-starch","status":"publish","type":"product","link":"https:\/\/www.baranbaharat.com\/index.php\/urun\/bugday-nisastasi-wheat-starch\/","title":{"rendered":"Bu\u011fday Ni\u015fastas\u0131 \/ Wheat Starch"},"content":{"rendered":"<p>Bu\u011fday Ni\u015fastas\u0131 \/ Wheat Starch<\/p>\n","protected":false},"excerpt":{"rendered":"<p>Bu\u011fday Ni\u015fastas\u0131 \/ Wheat Starch<\/p>\n","protected":false},"featured_media":750,"comment_status":"open","ping_status":"closed","template":"","meta":[],"class_list":{"0":"post-766","1":"product","2":"type-product","3":"status-publish","4":"has-post-thumbnail","6":"product_cat-aktarbey","7":"product_tag-aktarbey","8":"product_tag-baharat","9":"product_tag-baran-baharat","10":"product_tag-bugday-nisastasi-wheat-starch","12":"first","13":"instock","14":"shipping-taxable","15":"product-type-simple"},"_links":{"self":[{"href":"https:\/\/www.baranbaharat.com\/index.php\/wp-json\/wp\/v2\/product\/766","targetHints":{"allow":["GET"]}}],"collection":[{"href":"https:\/\/www.baranbaharat.com\/index.php\/wp-json\/wp\/v2\/product"}],"about":[{"href":"https:\/\/www.baranbaharat.com\/index.php\/wp-json\/wp\/v2\/types\/product"}],"replies":[{"embeddable":true,"href":"https:\/\/www.baranbaharat.com\/index.php\/wp-json\/wp\/v2\/comments?post=766"}],"wp:featuredmedia":[{"embeddable":true,"href":"https:\/\/www.baranbaharat.com\/index.php\/wp-json\/wp\/v2\/media\/750"}],"wp:attachment":[{"href":"https:\/\/www.baranbaharat.com\/index.php\/wp-json\/wp\/v2\/media?parent=766"}],"curies":[{"name":"wp","href":"https:\/\/api.w.org\/{rel}","templated":true}]}}