{"id":768,"date":"2020-03-16T22:05:33","date_gmt":"2020-03-16T19:05:33","guid":{"rendered":"http:\/\/www.baranbaharat.com\/?post_type=product&#038;p=768"},"modified":"2020-03-16T22:05:33","modified_gmt":"2020-03-16T19:05:33","slug":"bes-turlu-five-types","status":"publish","type":"product","link":"https:\/\/www.baranbaharat.com\/index.php\/urun\/bes-turlu-five-types\/","title":{"rendered":"Be\u015f T\u00fcrl\u00fc \/ Five Types"},"content":{"rendered":"","protected":false},"excerpt":{"rendered":"","protected":false},"featured_media":748,"comment_status":"open","ping_status":"closed","template":"","meta":[],"class_list":{"0":"post-768","1":"product","2":"type-product","3":"status-publish","4":"has-post-thumbnail","6":"product_cat-aktarbey","7":"product_tag-aktarbey","8":"product_tag-baran-baharat","9":"product_tag-bes-turlu-five-types","11":"first","12":"instock","13":"shipping-taxable","14":"product-type-simple"},"_links":{"self":[{"href":"https:\/\/www.baranbaharat.com\/index.php\/wp-json\/wp\/v2\/product\/768","targetHints":{"allow":["GET"]}}],"collection":[{"href":"https:\/\/www.baranbaharat.com\/index.php\/wp-json\/wp\/v2\/product"}],"about":[{"href":"https:\/\/www.baranbaharat.com\/index.php\/wp-json\/wp\/v2\/types\/product"}],"replies":[{"embeddable":true,"href":"https:\/\/www.baranbaharat.com\/index.php\/wp-json\/wp\/v2\/comments?post=768"}],"wp:featuredmedia":[{"embeddable":true,"href":"https:\/\/www.baranbaharat.com\/index.php\/wp-json\/wp\/v2\/media\/748"}],"wp:attachment":[{"href":"https:\/\/www.baranbaharat.com\/index.php\/wp-json\/wp\/v2\/media?parent=768"}],"curies":[{"name":"wp","href":"https:\/\/api.w.org\/{rel}","templated":true}]}}