{"id":811,"date":"2020-03-17T11:30:23","date_gmt":"2020-03-17T08:30:23","guid":{"rendered":"http:\/\/www.baranbaharat.com\/?post_type=product&#038;p=811"},"modified":"2020-03-17T11:30:24","modified_gmt":"2020-03-17T08:30:24","slug":"kus-uzumu-currants","status":"publish","type":"product","link":"https:\/\/www.baranbaharat.com\/index.php\/urun\/kus-uzumu-currants\/","title":{"rendered":"Ku\u015f \u00dcz\u00fcm\u00fc \/ Currants"},"content":{"rendered":"<p>Ku\u015f \u00dcz\u00fcm\u00fc \/ Currants<\/p>\n","protected":false},"excerpt":{"rendered":"<p>Ku\u015f \u00dcz\u00fcm\u00fc \/ Currants<\/p>\n","protected":false},"featured_media":716,"comment_status":"open","ping_status":"closed","template":"","meta":[],"class_list":{"0":"post-811","1":"product","2":"type-product","3":"status-publish","4":"has-post-thumbnail","6":"product_cat-aktarbey","7":"product_tag-aktarbey","8":"product_tag-baran-baharat","9":"product_tag-kus-uzumu-currants","11":"first","12":"instock","13":"shipping-taxable","14":"product-type-simple"},"_links":{"self":[{"href":"https:\/\/www.baranbaharat.com\/index.php\/wp-json\/wp\/v2\/product\/811","targetHints":{"allow":["GET"]}}],"collection":[{"href":"https:\/\/www.baranbaharat.com\/index.php\/wp-json\/wp\/v2\/product"}],"about":[{"href":"https:\/\/www.baranbaharat.com\/index.php\/wp-json\/wp\/v2\/types\/product"}],"replies":[{"embeddable":true,"href":"https:\/\/www.baranbaharat.com\/index.php\/wp-json\/wp\/v2\/comments?post=811"}],"wp:featuredmedia":[{"embeddable":true,"href":"https:\/\/www.baranbaharat.com\/index.php\/wp-json\/wp\/v2\/media\/716"}],"wp:attachment":[{"href":"https:\/\/www.baranbaharat.com\/index.php\/wp-json\/wp\/v2\/media?parent=811"}],"curies":[{"name":"wp","href":"https:\/\/api.w.org\/{rel}","templated":true}]}}